{"id":236,"date":"2025-10-29T06:00:57","date_gmt":"2025-10-29T06:00:57","guid":{"rendered":"https:\/\/www.ash-inso.de\/?page_id=236"},"modified":"2025-10-29T06:00:57","modified_gmt":"2025-10-29T06:00:57","slug":"anviv-buchhaltung","status":"publish","type":"page","link":"https:\/\/www.ash-inso.de\/?page_id=236","title":{"rendered":"ANVIV + Buchhaltung"},"content":{"rendered":"<div class=\"frm_forms  with_frm_style frm_center_submit frm_style_formidable-style\" id=\"frm_form_3_container\" data-token=\"6b54442f0e6cd60baaec3fbbaf88ae10\">\n<form enctype=\"multipart\/form-data\" method=\"post\" class=\"frm-show-form  frm_pro_form \" id=\"form_anvivbuch\" data-token=\"6b54442f0e6cd60baaec3fbbaf88ae10\">\n<div class=\"frm_form_fields \">\n<fieldset>\n<legend class=\"frm_screen_reader\">ANVIV + Buchhaltung<\/legend>\r\n\r\n<div class=\"frm_fields_container\">\n<input type=\"hidden\" name=\"frm_action\" value=\"create\" \/>\n<input type=\"hidden\" name=\"form_id\" value=\"3\" \/>\n<input type=\"hidden\" name=\"frm_hide_fields_3\" id=\"frm_hide_fields_3\" value=\"\" \/>\n<input type=\"hidden\" name=\"form_key\" value=\"anvivbuch\" \/>\n<input type=\"hidden\" name=\"item_meta[0]\" value=\"\" \/>\n<input type=\"hidden\" id=\"frm_submit_entry_3\" name=\"frm_submit_entry_3\" value=\"4676694f17\" \/><input type=\"hidden\" name=\"_wp_http_referer\" value=\"\/index.php?rest_route=%2Fwp%2Fv2%2Fpages%2F236\" \/><div id=\"frm_field_47_container\" class=\"frm_form_field  frm_html_container form-field\"><strong>Erste Informationen zur Auftragserteilung:<\/strong><\/div>\n<div id=\"frm_field_49_container\" class=\"frm_form_field form-field  frm_required_field frm_top_container frm12 frm_first\">\r\n    <label for=\"field_busm\" id=\"field_busm_label\" class=\"frm_primary_label\">Wie firmiert das schuldnerische Unternehmen? Anschrift? Website?\r\n        <span class=\"frm_required\" aria-hidden=\"true\">*<\/span>\r\n    <\/label>\r\n    <textarea name=\"item_meta[49]\" id=\"field_busm\" rows=\"5\"  data-reqmsg=\"Dieses Feld darf nicht leer sein.\" aria-required=\"true\" data-invmsg=\"Wie firmiert das schuldnerische Unternehmen? Anschrift? Website? ist ung\u00fcltig\" aria-invalid=\"false\"  ><\/textarea>\r\n    \r\n    \r\n<\/div>\n<div id=\"frm_field_50_container\" class=\"frm_form_field form-field  frm_required_field frm_top_container frm12 frm12 frm12 frm_first\">\r\n    <label for=\"field_yy4sp2\" id=\"field_yy4sp2_label\" class=\"frm_primary_label\">Insolvenzgericht? Aktenzeichen?\r\n        <span class=\"frm_required\" aria-hidden=\"true\">*<\/span>\r\n    <\/label>\r\n    <input  type=\"text\" id=\"field_yy4sp2\" name=\"item_meta[50]\" value=\"\"  data-reqmsg=\"Dieses Feld darf nicht leer sein.\" aria-required=\"true\" data-invmsg=\"Text ist ung\u00fcltig\" aria-invalid=\"false\"   \/>\r\n    \r\n    \r\n<\/div>\n<div id=\"frm_field_51_container\" class=\"frm_form_field form-field  frm_required_field frm_top_container frm12 frm12 frm12 frm_first\">\r\n    <label for=\"field_95jjo2\" id=\"field_95jjo2_label\" class=\"frm_primary_label\">Wer ist (vorl\u00e4ufige\/r) Insolvenzverwalter\/in?\r\n        <span class=\"frm_required\" aria-hidden=\"true\">*<\/span>\r\n    <\/label>\r\n    <input  type=\"text\" id=\"field_95jjo2\" name=\"item_meta[51]\" value=\"\"  data-reqmsg=\"Dieses Feld darf nicht leer sein.\" aria-required=\"true\" data-invmsg=\"Text ist ung\u00fcltig\" aria-invalid=\"false\"   \/>\r\n    \r\n    \r\n<\/div>\n<div id=\"frm_field_52_container\" class=\"frm_form_field form-field  frm_required_field frm_top_container frm12 frm12 frm_first\">\r\n    <label for=\"field_hgxqh2\" id=\"field_hgxqh2_label\" class=\"frm_primary_label\">Wer ist bei Ihnen Hauptsachbearbeiter\/in und Sachbearbeiter\/in?\r\n        <span class=\"frm_required\" aria-hidden=\"true\">*<\/span>\r\n    <\/label>\r\n    <input  type=\"text\" id=\"field_hgxqh2\" name=\"item_meta[52]\" value=\"\"  data-reqmsg=\"Dieses Feld darf nicht leer sein.\" aria-required=\"true\" data-invmsg=\"Text ist ung\u00fcltig\" aria-invalid=\"false\"   \/>\r\n    \r\n    \r\n<\/div>\n<div id=\"frm_field_53_container\" class=\"frm_form_field form-field  frm_required_field frm_top_container frm12 frm_first\">\r\n    <label for=\"field_do9w32\" id=\"field_do9w32_label\" class=\"frm_primary_label\">Wer ist Ansprechpartner\/in im Unternehmen? Kontaktdaten (Tel. + E-Mail)? \r\n        <span class=\"frm_required\" aria-hidden=\"true\">*<\/span>\r\n    <\/label>\r\n    <textarea name=\"item_meta[53]\" id=\"field_do9w32\" rows=\"5\"  data-reqmsg=\"Dieses Feld darf nicht leer sein.\" aria-required=\"true\" data-invmsg=\"Wer ist Ansprechpartner\/in im Unternehmen? Kontaktdaten (Tel. + E-Mail)?  ist ung\u00fcltig\" aria-invalid=\"false\"  ><\/textarea>\r\n    \r\n    \r\n<\/div>\n<div id=\"frm_field_54_container\" class=\"frm_form_field form-field  frm_required_field frm_top_container frm12 frm_first\">\r\n    <label for=\"field_9p3lb2\" id=\"field_9p3lb2_label\" class=\"frm_primary_label\">Gibt es externe Berater (z.B. Steuerberater\/innen, Wirtschaftspr\u00fcfer\/innen, Rechtsanw\u00e4lt\/innen? Kontaktdaten (Tel. + E-Mail)? \r\n        <span class=\"frm_required\" aria-hidden=\"true\">*<\/span>\r\n    <\/label>\r\n    <textarea name=\"item_meta[54]\" id=\"field_9p3lb2\" rows=\"5\"  data-reqmsg=\"Dieses Feld darf nicht leer sein.\" aria-required=\"true\" data-invmsg=\"Gibt es externe Berater (z.B. Steuerberater\/innen, Wirtschaftspr\u00fcfer\/innen, Rechtsanw\u00e4lt\/innen? Kontaktdaten (Tel. + E-Mail)?  ist ung\u00fcltig\" aria-invalid=\"false\"  ><\/textarea>\r\n    \r\n    \r\n<\/div>\n<div id=\"frm_field_55_container\" class=\"frm_form_field form-field  frm_required_field frm_top_container\">\r\n    <label for=\"field_te05d2\" id=\"field_te05d2_label\" class=\"frm_primary_label\">Falls kein Einzelunternehmen, wer ist Gesellschafter\/in des schuldnerischen Unternehmens mit welchen Anteilen?\r\n        <span class=\"frm_required\" aria-hidden=\"true\">*<\/span>\r\n    <\/label>\r\n    <textarea name=\"item_meta[55]\" id=\"field_te05d2\" rows=\"5\"  data-reqmsg=\"Dieses Feld darf nicht leer sein.\" aria-required=\"true\" data-invmsg=\"Falls kein Einzelunternehmen, wer ist Gesellschafter\/in des schuldnerischen Unternehmens mit welchen Anteilen? ist ung\u00fcltig\" aria-invalid=\"false\"  ><\/textarea>\r\n    \r\n    \r\n<\/div>\n<div id=\"frm_field_56_container\" class=\"frm_form_field form-field  frm_required_field frm_top_container\">\r\n    <label for=\"field_pdv762\" id=\"field_pdv762_label\" class=\"frm_primary_label\">Falls kein Einzelunternehmen, wer ist Gesch\u00e4ftsf\u00fchrer\/in?  Kontaktdaten (Tel. + E-Mail)? \r\n        <span class=\"frm_required\" aria-hidden=\"true\">*<\/span>\r\n    <\/label>\r\n    <textarea name=\"item_meta[56]\" id=\"field_pdv762\" rows=\"5\"  data-reqmsg=\"Dieses Feld darf nicht leer sein.\" aria-required=\"true\" data-invmsg=\"Falls kein Einzelunternehmen, wer ist Gesch\u00e4ftsf\u00fchrer\/in?  Kontaktdaten (Tel. + E-Mail)?  ist ung\u00fcltig\" aria-invalid=\"false\"  ><\/textarea>\r\n    \r\n    \r\n<\/div>\n<div id=\"frm_field_57_container\" class=\"frm_form_field form-field  frm_required_field frm_top_container\">\r\n    <label for=\"field_coty2\" id=\"field_coty2_label\" class=\"frm_primary_label\">Anzahl der Arbeitnehmer\/innen (nach K\u00f6pfen)?\r\n        <span class=\"frm_required\" aria-hidden=\"true\">*<\/span>\r\n    <\/label>\r\n    <input  type=\"text\" id=\"field_coty2\" name=\"item_meta[57]\" value=\"\"  data-reqmsg=\"Dieses Feld darf nicht leer sein.\" aria-required=\"true\" data-invmsg=\"Text ist ung\u00fcltig\" aria-invalid=\"false\"   \/>\r\n    \r\n    \r\n<\/div>\n<div id=\"frm_field_58_container\" class=\"frm_form_field form-field  frm_required_field frm_top_container\">\r\n    <label for=\"field_2lit42\" id=\"field_2lit42_label\" class=\"frm_primary_label\">Bis wann wurde Verg\u00fctung gezahlt, u.U. auch nur ein Teil der monatlichen Verg\u00fctung? Insolvenzgeldzeitraum?\r\n        <span class=\"frm_required\" aria-hidden=\"true\">*<\/span>\r\n    <\/label>\r\n    <input  type=\"text\" id=\"field_2lit42\" name=\"item_meta[58]\" value=\"\"  data-reqmsg=\"Dieses Feld darf nicht leer sein.\" aria-required=\"true\" data-invmsg=\"Text ist ung\u00fcltig\" aria-invalid=\"false\"   \/>\r\n    \r\n    \r\n<\/div>\n<div id=\"frm_field_59_container\" class=\"frm_form_field form-field  frm_required_field frm_top_container\">\r\n    <label for=\"field_t5fi52\" id=\"field_t5fi52_label\" class=\"frm_primary_label\">Ist eine Insolvenzgeldvorfinanzierung beabsichtigt?\r\n        <span class=\"frm_required\" aria-hidden=\"true\">*<\/span>\r\n    <\/label>\r\n    <input  type=\"text\" id=\"field_t5fi52\" name=\"item_meta[59]\" value=\"\"  data-reqmsg=\"Dieses Feld darf nicht leer sein.\" aria-required=\"true\" data-invmsg=\"Text ist ung\u00fcltig\" aria-invalid=\"false\"   \/>\r\n    \r\n    \r\n<\/div>\n<div id=\"frm_field_60_container\" class=\"frm_form_field form-field  frm_required_field frm_top_container\">\r\n    <label for=\"field_uf1d32\" id=\"field_uf1d32_label\" class=\"frm_primary_label\">Wird der Gesch\u00e4ftsbetrieb fortgef\u00fchrt? Wenn nein, wann erfolgte die Einstellung?\r\n        <span class=\"frm_required\" aria-hidden=\"true\">*<\/span>\r\n    <\/label>\r\n    <input  type=\"text\" id=\"field_uf1d32\" name=\"item_meta[60]\" value=\"\"  data-reqmsg=\"Dieses Feld darf nicht leer sein.\" aria-required=\"true\" data-invmsg=\"Text ist ung\u00fcltig\" aria-invalid=\"false\"   \/>\r\n    \r\n    \r\n<\/div>\n<div id=\"frm_field_61_container\" class=\"frm_form_field form-field  frm_required_field frm_top_container\">\r\n    <label for=\"field_5lr8h2\" id=\"field_5lr8h2_label\" class=\"frm_primary_label\">Befindet sich der Betrieb in Kurzarbeit, ggf. auch nur teilweise?\r\n        <span class=\"frm_required\" aria-hidden=\"true\">*<\/span>\r\n    <\/label>\r\n    <input  type=\"text\" id=\"field_5lr8h2\" name=\"item_meta[61]\" value=\"\"  data-reqmsg=\"Dieses Feld darf nicht leer sein.\" aria-required=\"true\" data-invmsg=\"Text ist ung\u00fcltig\" aria-invalid=\"false\"   \/>\r\n    \r\n    \r\n<\/div>\n<div id=\"frm_field_62_container\" class=\"frm_form_field form-field  frm_required_field frm_top_container\">\r\n    <label for=\"field_k68532\" id=\"field_k68532_label\" class=\"frm_primary_label\">Existiert ein Betriebsrat? Wie hei\u00dft der\/die Vorsitzende? Kontaktdaten (Tel. + E-Mail)?\r\n        <span class=\"frm_required\" aria-hidden=\"true\">*<\/span>\r\n    <\/label>\r\n    <textarea name=\"item_meta[62]\" id=\"field_k68532\" rows=\"5\"  data-reqmsg=\"Dieses Feld darf nicht leer sein.\" aria-required=\"true\" data-invmsg=\"Existiert ein Betriebsrat? Wie hei\u00dft der\/die Vorsitzende? Kontaktdaten (Tel. + E-Mail)? ist ung\u00fcltig\" aria-invalid=\"false\"  ><\/textarea>\r\n    \r\n    \r\n<\/div>\n<div id=\"frm_field_63_container\" class=\"frm_form_field form-field  frm_required_field frm_top_container\">\r\n    <label for=\"field_agnna2\" id=\"field_agnna2_label\" class=\"frm_primary_label\">Ist auch die handelsrechtliche Buchhaltung durch ASH gew\u00fcnscht? Wenn ja, wer ist Ansprechpartner\/in im Unternehmen? Kontaktdaten (Tel. + E-Mail)?\r\n        <span class=\"frm_required\" aria-hidden=\"true\">*<\/span>\r\n    <\/label>\r\n    <textarea name=\"item_meta[63]\" id=\"field_agnna2\" rows=\"5\"  data-reqmsg=\"Dieses Feld darf nicht leer sein.\" aria-required=\"true\" data-invmsg=\"Ist auch die handelsrechtliche Buchhaltung durch ASH gew\u00fcnscht? Wenn ja, wer ist Ansprechpartner\/in im Unternehmen? Kontaktdaten (Tel. + E-Mail)? ist ung\u00fcltig\" aria-invalid=\"false\"  ><\/textarea>\r\n    \r\n    \r\n<\/div>\n<div id=\"frm_field_94_container\" class=\"frm_form_field form-field  frm_required_field frm_top_container vertical_radio\">\r\n\t<div  id=\"field_pvj3n_label\" class=\"frm_primary_label\">Liegt ein aktueller Transparenzregisterauszug vor? Wenn nein, wird einer durch ASH abgerufen\r\n\t\t<span class=\"frm_required\" aria-hidden=\"true\">*<\/span>\r\n\t<\/div>\r\n\t<div class=\"frm_opt_container\" aria-labelledby=\"field_pvj3n_label\" role=\"radiogroup\" aria-required=\"true\">\t\t<div class=\"frm_radio\" id=\"frm_radio_94-0\">\t\t\t<label  for=\"field_pvj3n-0\">\n\t\t\t\t\t<input type=\"radio\" name=\"item_meta[94]\" id=\"field_pvj3n-0\" value=\"Ja\"\n\t\t   data-reqmsg=\"Dieses Feld darf nicht leer sein.\" data-invmsg=\"Liegt ein aktueller Transparenzregisterauszug vor? Wenn nein, wird einer durch ASH abgerufen ist ung\u00fcltig\"  \/> Ja<\/label><\/div>\n\t\t<div class=\"frm_radio\" id=\"frm_radio_94-1\">\t\t\t<label  for=\"field_pvj3n-1\">\n\t\t\t\t\t<input type=\"radio\" name=\"item_meta[94]\" id=\"field_pvj3n-1\" value=\"Nein\"\n\t\t   data-reqmsg=\"Dieses Feld darf nicht leer sein.\" data-invmsg=\"Liegt ein aktueller Transparenzregisterauszug vor? Wenn nein, wird einer durch ASH abgerufen ist ung\u00fcltig\"  \/> Nein<\/label><\/div>\n<\/div>\r\n\t\r\n\t\r\n<\/div>\n<div id=\"frm_field_65_container\" class=\"frm_form_field form-field  frm_top_container\">\r\n    <label for=\"field_24v942\" id=\"field_24v942_label\" class=\"frm_primary_label\">Sonstige Mitteilungen\r\n        <span class=\"frm_required\" aria-hidden=\"true\"><\/span>\r\n    <\/label>\r\n    <textarea name=\"item_meta[65]\" id=\"field_24v942\" rows=\"5\"  data-invmsg=\"Sonstige Mitteilungen ist ung\u00fcltig\" aria-invalid=\"false\"  ><\/textarea>\r\n    \r\n    \r\n<\/div>\n<div id=\"frm_field_66_container\" class=\"frm_form_field form-field  frm_top_container\">\r\n    <label for=\"field_5u6dc2\" id=\"field_5u6dc2_label\" class=\"frm_primary_label\">Beschluss \u00fcber die Anordnung des vorl\u00e4ufigen Verfahrens und ggf. sonstige Unterlagen (z.B. Er\u00f6ffnungsbeschluss, HR-Auszug) hochladen.<br> Erlaubte Dateiformate: .jpg \/ .jpeg \/ .jpe \/ .bmp \/ .png \/ .gif \/ .pdf \/ .zip\r\n        <span class=\"frm_required\" aria-hidden=\"true\"><\/span>\r\n    <\/label>\r\n    <input type=\"hidden\"  data-invmsg=\"Datei-Upload ist ung\u00fcltig\" class=\"auto_width\" aria-invalid=\"false\"   name=\"item_meta[66][]\"  value=\"\" data-frmfile=\"66\" \/>\n\n<div class=\"frm_dropzone frm_multi_upload frm_clearfix\" id=\"file66_dropzone\" role=\"group\" >\n\t<div class=\"fallback\">\n\t\t<input type=\"file\" name=\"file66[]\" id=\"field_5u6dc2\"\n\t\t\t data-frmfile=\"66\" multiple=\"multiple\"  data-invmsg=\"Datei-Upload ist ung\u00fcltig\" class=\"auto_width\" aria-invalid=\"false\"  \t\t\t\/>\n\t\t\t\t<div class=\"frm_clearfix \"><\/div>\n\t<\/div>\n\t<div class=\"dz-message needsclick\">\n\t\t\t\t<svg  viewBox=\"0 0 18 18\" class=\"frmsvg frm-svg-icon\">\n\t<path viewBox=\"0 0 18 18\" fill-rule=\"evenodd\" clip-rule=\"evenodd\" d=\"M8.2 4v8a.8.8 0 001.5 0V4l2.1 2.2A.7.7 0 1013 5L9.5 1.7a.7.7 0 00-1.1 0L5.1 5.2a.8.8 0 001 1l2.1-2zm7.6 4.3c.4 0 .7.3.7.7v6.8c0 .4-.3.7-.8.7H2.3a.8.8 0 01-.8-.8V9A.8.8 0 013 9v6h12V9c0-.4.3-.8.8-.8z\"><\/path>\n<\/svg>\t\t<span class=\"frm_upload_text\"><button type=\"button\" aria-label=\"Beschluss \u00fcber die Anordnung des vorl\u00e4ufigen Verfahrens und ggf. sonstige Unterlagen (z.B. Er\u00f6ffnungsbeschluss, HR-Auszug) hochladen.&lt;br&gt; Erlaubte Dateiformate: .jpg \/ .jpeg \/ .jpe \/ .bmp \/ .png \/ .gif \/ .pdf \/ .zip. Zum Hochladen Datei hier ablegen oder auf den Button klicken.. Maximale Dateigr\u00f6\u00dfe: 20MB\">Zum Hochladen Datei hier ablegen oder auf den Button klicken.<\/button><\/span>\n\t\t<span class=\"frm_compact_text\"><button type=\"button\" aria-label=\"Beschluss \u00fcber die Anordnung des vorl\u00e4ufigen Verfahrens und ggf. sonstige Unterlagen (z.B. Er\u00f6ffnungsbeschluss, HR-Auszug) hochladen.&lt;br&gt; Erlaubte Dateiformate: .jpg \/ .jpeg \/ .jpe \/ .bmp \/ .png \/ .gif \/ .pdf \/ .zip. Datei w\u00e4hlen. Maximale Dateigr\u00f6\u00dfe: 20MB\">Datei w\u00e4hlen<\/button><\/span>\n\t\t<div class=\"frm_small_text\">\n\t\t\t<p>Maximale Dateigr\u00f6\u00dfe: 20MB<\/p>\n\t\t<\/div>\n\t<\/div>\n<\/div>\n\t\r\n    \r\n    \r\n<\/div>\n<div id=\"frm_field_67_container\" class=\"frm_form_field form-field  frm_top_container\">\r\n    <label for=\"field_5c9m32\" id=\"field_5c9m32_label\" class=\"frm_primary_label\">Falls Sie eine Kopie dieses Auftrags w\u00fcnschen, tragen Sie hier bitte Ihre E-Mail Adresse ein.\r\n        <span class=\"frm_required\" aria-hidden=\"true\"><\/span>\r\n    <\/label>\r\n    <input type=\"email\" id=\"field_5c9m32\" name=\"item_meta[67]\" value=\"\"  data-invmsg=\"E-Mail ist ung\u00fcltig\" aria-invalid=\"false\"  \/>\r\n    \r\n    \r\n<\/div>\n<div id=\"frm_field_68_container\" class=\"frm_form_field form-field  frm_none_container\">\r\n    <label for=\"g-recaptcha-response\" id=\"field_art5i2_label\" class=\"frm_primary_label\">Captcha\r\n        <span class=\"frm_required\" aria-hidden=\"true\"><\/span>\r\n    <\/label>\r\n    <div  id=\"field_art5i2\" class=\"frm-g-recaptcha\" data-sitekey=\"6LdvzP8fAAAAAMu00K2-1XWP1mPMDsj2BgLWfmyG\" data-size=\"normal\" data-theme=\"light\"><\/div>\r\n    \r\n    \r\n<\/div>\n<div id=\"frm_field_69_container\" class=\"frm_form_field form-field \">\r\n\t<div class=\"frm_submit\">\r\n\r\n<button class=\"frm_button_submit frm_final_submit\" type=\"submit\"   formnovalidate=\"formnovalidate\">Formular \u00fcbermitteln<\/button>\r\n\r\n<\/div>\r\n<\/div>\n\t<input type=\"hidden\" name=\"item_key\" value=\"\" \/>\n\t\t\t<div id=\"frm_field_95_container\">\n\t\t\t<label for=\"field_diqvo\" >\n\t\t\t\tFalls Du menschlich bist, lasse dieses Feld leer.\t\t\t<\/label>\n\t\t\t<input  id=\"field_diqvo\" type=\"text\" class=\"frm_form_field form-field frm_verify\" name=\"item_meta[95]\" value=\"\"  \/>\n\t\t<\/div>\n\t\t<input name=\"frm_state\" type=\"hidden\" value=\"owzITtS+kr8uS9LiyVzCSujsIMrPNp3nzhTwx4G3Ps\/QptwPxxptKNhShNGIRt5F\" \/><\/div>\n<\/fieldset>\n<\/div>\n\n<\/form>\n<\/div>\n","protected":false},"excerpt":{"rendered":"","protected":false},"author":1,"featured_media":0,"parent":0,"menu_order":0,"comment_status":"closed","ping_status":"closed","template":"","meta":{"footnotes":""},"class_list":["post-236","page","type-page","status-publish","hentry"],"_links":{"self":[{"href":"https:\/\/www.ash-inso.de\/index.php?rest_route=\/wp\/v2\/pages\/236","targetHints":{"allow":["GET"]}}],"collection":[{"href":"https:\/\/www.ash-inso.de\/index.php?rest_route=\/wp\/v2\/pages"}],"about":[{"href":"https:\/\/www.ash-inso.de\/index.php?rest_route=\/wp\/v2\/types\/page"}],"author":[{"embeddable":true,"href":"https:\/\/www.ash-inso.de\/index.php?rest_route=\/wp\/v2\/users\/1"}],"replies":[{"embeddable":true,"href":"https:\/\/www.ash-inso.de\/index.php?rest_route=%2Fwp%2Fv2%2Fcomments&post=236"}],"version-history":[{"count":1,"href":"https:\/\/www.ash-inso.de\/index.php?rest_route=\/wp\/v2\/pages\/236\/revisions"}],"predecessor-version":[{"id":238,"href":"https:\/\/www.ash-inso.de\/index.php?rest_route=\/wp\/v2\/pages\/236\/revisions\/238"}],"wp:attachment":[{"href":"https:\/\/www.ash-inso.de\/index.php?rest_route=%2Fwp%2Fv2%2Fmedia&parent=236"}],"curies":[{"name":"wp","href":"https:\/\/api.w.org\/{rel}","templated":true}]}}