{"id":242,"date":"2025-10-29T06:10:03","date_gmt":"2025-10-29T06:10:03","guid":{"rendered":"https:\/\/www.ash-inso.de\/?page_id=242"},"modified":"2025-10-29T06:10:03","modified_gmt":"2025-10-29T06:10:03","slug":"buchhaltung","status":"publish","type":"page","link":"https:\/\/www.ash-inso.de\/?page_id=242","title":{"rendered":"Buchhaltung"},"content":{"rendered":"<div class=\"frm_forms  with_frm_style frm_center_submit frm_style_formidable-style\" id=\"frm_form_4_container\" data-token=\"6b54442f0e6cd60baaec3fbbaf88ae10\">\n<form enctype=\"multipart\/form-data\" method=\"post\" class=\"frm-show-form  frm_pro_form \" id=\"form_buchhaltung\" data-token=\"6b54442f0e6cd60baaec3fbbaf88ae10\">\n<div class=\"frm_form_fields \">\n<fieldset>\n<legend class=\"frm_screen_reader\">Buchhaltung<\/legend>\r\n\r\n<div class=\"frm_fields_container\">\n<input type=\"hidden\" name=\"frm_action\" value=\"create\" \/>\n<input type=\"hidden\" name=\"form_id\" value=\"4\" \/>\n<input type=\"hidden\" name=\"frm_hide_fields_4\" id=\"frm_hide_fields_4\" value=\"\" \/>\n<input type=\"hidden\" name=\"form_key\" value=\"buchhaltung\" \/>\n<input type=\"hidden\" name=\"item_meta[0]\" value=\"\" \/>\n<input type=\"hidden\" id=\"frm_submit_entry_4\" name=\"frm_submit_entry_4\" value=\"4676694f17\" \/><input type=\"hidden\" name=\"_wp_http_referer\" value=\"\/index.php?rest_route=%2Fwp%2Fv2%2Fpages%2F242\" \/><div id=\"frm_field_70_container\" class=\"frm_form_field  frm_html_container form-field\"><strong>Erste Informationen zur Auftragserteilung:<\/strong><\/div>\n<div id=\"frm_field_72_container\" class=\"frm_form_field form-field  frm_required_field frm_top_container frm12 frm_first\">\r\n    <label for=\"field_busm3\" id=\"field_busm3_label\" class=\"frm_primary_label\">Wie firmiert das schuldnerische Unternehmen? Anschrift? Website?\r\n        <span class=\"frm_required\" aria-hidden=\"true\">*<\/span>\r\n    <\/label>\r\n    <textarea name=\"item_meta[72]\" id=\"field_busm3\" rows=\"5\"  data-reqmsg=\"Dieses Feld darf nicht leer sein.\" aria-required=\"true\" data-invmsg=\"Wie firmiert das schuldnerische Unternehmen? Anschrift? Website? ist ung\u00fcltig\" aria-invalid=\"false\"  ><\/textarea>\r\n    \r\n    \r\n<\/div>\n<div id=\"frm_field_73_container\" class=\"frm_form_field form-field  frm_required_field frm_top_container frm12 frm12 frm12 frm_first\">\r\n    <label for=\"field_yy4sp3\" id=\"field_yy4sp3_label\" class=\"frm_primary_label\">Insolvenzgericht? Aktenzeichen?\r\n        <span class=\"frm_required\" aria-hidden=\"true\">*<\/span>\r\n    <\/label>\r\n    <input  type=\"text\" id=\"field_yy4sp3\" name=\"item_meta[73]\" value=\"\"  data-reqmsg=\"Dieses Feld darf nicht leer sein.\" aria-required=\"true\" data-invmsg=\"Text ist ung\u00fcltig\" aria-invalid=\"false\"   \/>\r\n    \r\n    \r\n<\/div>\n<div id=\"frm_field_74_container\" class=\"frm_form_field form-field  frm_required_field frm_top_container frm12 frm12 frm12 frm_first\">\r\n    <label for=\"field_95jjo3\" id=\"field_95jjo3_label\" class=\"frm_primary_label\">Wer ist (vorl\u00e4ufige\/r) Insolvenzverwalter\/in?\r\n        <span class=\"frm_required\" aria-hidden=\"true\">*<\/span>\r\n    <\/label>\r\n    <input  type=\"text\" id=\"field_95jjo3\" name=\"item_meta[74]\" value=\"\"  data-reqmsg=\"Dieses Feld darf nicht leer sein.\" aria-required=\"true\" data-invmsg=\"Text ist ung\u00fcltig\" aria-invalid=\"false\"   \/>\r\n    \r\n    \r\n<\/div>\n<div id=\"frm_field_75_container\" class=\"frm_form_field form-field  frm_required_field frm_top_container frm12 frm12 frm_first\">\r\n    <label for=\"field_hgxqh3\" id=\"field_hgxqh3_label\" class=\"frm_primary_label\">Wer ist bei Ihnen Hauptsachbearbeiter\/in und Sachbearbeiter\/in?\r\n        <span class=\"frm_required\" aria-hidden=\"true\">*<\/span>\r\n    <\/label>\r\n    <input  type=\"text\" id=\"field_hgxqh3\" name=\"item_meta[75]\" value=\"\"  data-reqmsg=\"Dieses Feld darf nicht leer sein.\" aria-required=\"true\" data-invmsg=\"Text ist ung\u00fcltig\" aria-invalid=\"false\"   \/>\r\n    \r\n    \r\n<\/div>\n<div id=\"frm_field_76_container\" class=\"frm_form_field form-field  frm_required_field frm_top_container frm12 frm_first\">\r\n    <label for=\"field_do9w33\" id=\"field_do9w33_label\" class=\"frm_primary_label\">Wer ist Ansprechpartner\/in im Unternehmen? Kontaktdaten (Tel. + E-Mail)? \r\n        <span class=\"frm_required\" aria-hidden=\"true\">*<\/span>\r\n    <\/label>\r\n    <textarea name=\"item_meta[76]\" id=\"field_do9w33\" rows=\"5\"  data-reqmsg=\"Dieses Feld darf nicht leer sein.\" aria-required=\"true\" data-invmsg=\"Wer ist Ansprechpartner\/in im Unternehmen? Kontaktdaten (Tel. + E-Mail)?  ist ung\u00fcltig\" aria-invalid=\"false\"  ><\/textarea>\r\n    \r\n    \r\n<\/div>\n<div id=\"frm_field_77_container\" class=\"frm_form_field form-field  frm_required_field frm_top_container frm12 frm_first\">\r\n    <label for=\"field_9p3lb3\" id=\"field_9p3lb3_label\" class=\"frm_primary_label\">Gibt es externe Berater (z.B. Steuerberater\/innen, Wirtschaftspr\u00fcfer\/innen, Rechtsanw\u00e4lt\/innen? Kontaktdaten (Tel. + E-Mail)? \r\n        <span class=\"frm_required\" aria-hidden=\"true\">*<\/span>\r\n    <\/label>\r\n    <textarea name=\"item_meta[77]\" id=\"field_9p3lb3\" rows=\"5\"  data-reqmsg=\"Dieses Feld darf nicht leer sein.\" aria-required=\"true\" data-invmsg=\"Gibt es externe Berater (z.B. Steuerberater\/innen, Wirtschaftspr\u00fcfer\/innen, Rechtsanw\u00e4lt\/innen? Kontaktdaten (Tel. + E-Mail)?  ist ung\u00fcltig\" aria-invalid=\"false\"  ><\/textarea>\r\n    \r\n    \r\n<\/div>\n<div id=\"frm_field_78_container\" class=\"frm_form_field form-field  frm_required_field frm_top_container\">\r\n    <label for=\"field_te05d3\" id=\"field_te05d3_label\" class=\"frm_primary_label\">Falls kein Einzelunternehmen, wer ist Gesellschafter\/in des schuldnerischen Unternehmens mit welchen Anteilen?\r\n        <span class=\"frm_required\" aria-hidden=\"true\">*<\/span>\r\n    <\/label>\r\n    <textarea name=\"item_meta[78]\" id=\"field_te05d3\" rows=\"5\"  data-reqmsg=\"Dieses Feld darf nicht leer sein.\" aria-required=\"true\" data-invmsg=\"Falls kein Einzelunternehmen, wer ist Gesellschafter\/in des schuldnerischen Unternehmens mit welchen Anteilen? ist ung\u00fcltig\" aria-invalid=\"false\"  ><\/textarea>\r\n    \r\n    \r\n<\/div>\n<div id=\"frm_field_79_container\" class=\"frm_form_field form-field  frm_required_field frm_top_container\">\r\n    <label for=\"field_pdv763\" id=\"field_pdv763_label\" class=\"frm_primary_label\">Falls kein Einzelunternehmen, wer ist Gesch\u00e4ftsf\u00fchrer\/in?  Kontaktdaten (Tel. + E-Mail)? \r\n        <span class=\"frm_required\" aria-hidden=\"true\">*<\/span>\r\n    <\/label>\r\n    <textarea name=\"item_meta[79]\" id=\"field_pdv763\" rows=\"5\"  data-reqmsg=\"Dieses Feld darf nicht leer sein.\" aria-required=\"true\" data-invmsg=\"Falls kein Einzelunternehmen, wer ist Gesch\u00e4ftsf\u00fchrer\/in?  Kontaktdaten (Tel. + E-Mail)?  ist ung\u00fcltig\" aria-invalid=\"false\"  ><\/textarea>\r\n    \r\n    \r\n<\/div>\n<div id=\"frm_field_83_container\" class=\"frm_form_field form-field  frm_required_field frm_top_container\">\r\n    <label for=\"field_uf1d33\" id=\"field_uf1d33_label\" class=\"frm_primary_label\">Wird der Gesch\u00e4ftsbetrieb fortgef\u00fchrt? Wenn nein, wann erfolgte die Einstellung?\r\n        <span class=\"frm_required\" aria-hidden=\"true\">*<\/span>\r\n    <\/label>\r\n    <input  type=\"text\" id=\"field_uf1d33\" name=\"item_meta[83]\" value=\"\"  data-reqmsg=\"Dieses Feld darf nicht leer sein.\" aria-required=\"true\" data-invmsg=\"Text ist ung\u00fcltig\" aria-invalid=\"false\"   \/>\r\n    \r\n    \r\n<\/div>\n<div id=\"frm_field_85_container\" class=\"frm_form_field form-field  frm_required_field frm_top_container\">\r\n    <label for=\"field_k68533\" id=\"field_k68533_label\" class=\"frm_primary_label\">Ist auch die handelsrechtliche Buchhaltung durch ASH gew\u00fcnscht? Wenn ja, wer ist Ansprechpartner\/in im Unternehmen? Kontaktdaten (Tel. + E-Mail)?\r\n        <span class=\"frm_required\" aria-hidden=\"true\">*<\/span>\r\n    <\/label>\r\n    <textarea name=\"item_meta[85]\" id=\"field_k68533\" rows=\"5\"  data-reqmsg=\"Dieses Feld darf nicht leer sein.\" aria-required=\"true\" data-invmsg=\"Ist auch die handelsrechtliche Buchhaltung durch ASH gew\u00fcnscht? Wenn ja, wer ist Ansprechpartner\/in im Unternehmen? Kontaktdaten (Tel. + E-Mail)? ist ung\u00fcltig\" aria-invalid=\"false\"  ><\/textarea>\r\n    \r\n    \r\n<\/div>\n<div id=\"frm_field_93_container\" class=\"frm_form_field form-field  frm_required_field frm_top_container vertical_radio\">\r\n\t<div  id=\"field_p1e0d_label\" class=\"frm_primary_label\">Liegt ein aktueller Transparenzregisterauszug vor? Wenn nein, wird einer durch ASH abgerufen\r\n\t\t<span class=\"frm_required\" aria-hidden=\"true\">*<\/span>\r\n\t<\/div>\r\n\t<div class=\"frm_opt_container\" aria-labelledby=\"field_p1e0d_label\" role=\"radiogroup\" aria-required=\"true\">\t\t<div class=\"frm_radio\" id=\"frm_radio_93-0\">\t\t\t<label  for=\"field_p1e0d-0\">\n\t\t\t\t\t<input type=\"radio\" name=\"item_meta[93]\" id=\"field_p1e0d-0\" value=\"Ja\"\n\t\t   data-reqmsg=\"Dieses Feld darf nicht leer sein.\" data-invmsg=\"Liegt ein aktueller Transparenzregisterauszug vor? Wenn nein, wird einer durch ASH abgerufen ist ung\u00fcltig\"  \/> Ja<\/label><\/div>\n\t\t<div class=\"frm_radio\" id=\"frm_radio_93-1\">\t\t\t<label  for=\"field_p1e0d-1\">\n\t\t\t\t\t<input type=\"radio\" name=\"item_meta[93]\" id=\"field_p1e0d-1\" value=\"Nein\"\n\t\t   data-reqmsg=\"Dieses Feld darf nicht leer sein.\" data-invmsg=\"Liegt ein aktueller Transparenzregisterauszug vor? Wenn nein, wird einer durch ASH abgerufen ist ung\u00fcltig\"  \/> Nein<\/label><\/div>\n<\/div>\r\n\t\r\n\t\r\n<\/div>\n<div id=\"frm_field_88_container\" class=\"frm_form_field form-field  frm_top_container\">\r\n    <label for=\"field_24v943\" id=\"field_24v943_label\" class=\"frm_primary_label\">Sonstige Mitteilungen\r\n        <span class=\"frm_required\" aria-hidden=\"true\"><\/span>\r\n    <\/label>\r\n    <textarea name=\"item_meta[88]\" id=\"field_24v943\" rows=\"5\"  data-invmsg=\"Sonstige Mitteilungen ist ung\u00fcltig\" aria-invalid=\"false\"  ><\/textarea>\r\n    \r\n    \r\n<\/div>\n<div id=\"frm_field_89_container\" class=\"frm_form_field form-field  frm_top_container\">\r\n    <label for=\"field_5u6dc3\" id=\"field_5u6dc3_label\" class=\"frm_primary_label\">Beschluss \u00fcber die Anordnung des vorl\u00e4ufigen Verfahrens und ggf. sonstige Unterlagen (z.B. Er\u00f6ffnungsbeschluss, HR-Auszug) hochladen.<br> Erlaubte Dateiformate: .jpg \/ .jpeg \/ .jpe \/ .bmp \/ .png \/ .gif \/ .pdf \/ .zip\r\n        <span class=\"frm_required\" aria-hidden=\"true\"><\/span>\r\n    <\/label>\r\n    <input type=\"hidden\"  data-invmsg=\"Datei-Upload ist ung\u00fcltig\" class=\"auto_width\" aria-invalid=\"false\"   name=\"item_meta[89][]\"  value=\"\" data-frmfile=\"89\" \/>\n\n<div class=\"frm_dropzone frm_multi_upload frm_clearfix\" id=\"file89_dropzone\" role=\"group\" >\n\t<div class=\"fallback\">\n\t\t<input type=\"file\" name=\"file89[]\" id=\"field_5u6dc3\"\n\t\t\t data-frmfile=\"89\" multiple=\"multiple\"  data-invmsg=\"Datei-Upload ist ung\u00fcltig\" class=\"auto_width\" aria-invalid=\"false\"  \t\t\t\/>\n\t\t\t\t<div class=\"frm_clearfix \"><\/div>\n\t<\/div>\n\t<div class=\"dz-message needsclick\">\n\t\t\t\t<svg  viewBox=\"0 0 18 18\" class=\"frmsvg frm-svg-icon\">\n\t<path viewBox=\"0 0 18 18\" fill-rule=\"evenodd\" clip-rule=\"evenodd\" d=\"M8.2 4v8a.8.8 0 001.5 0V4l2.1 2.2A.7.7 0 1013 5L9.5 1.7a.7.7 0 00-1.1 0L5.1 5.2a.8.8 0 001 1l2.1-2zm7.6 4.3c.4 0 .7.3.7.7v6.8c0 .4-.3.7-.8.7H2.3a.8.8 0 01-.8-.8V9A.8.8 0 013 9v6h12V9c0-.4.3-.8.8-.8z\"><\/path>\n<\/svg>\t\t<span class=\"frm_upload_text\"><button type=\"button\" aria-label=\"Beschluss \u00fcber die Anordnung des vorl\u00e4ufigen Verfahrens und ggf. sonstige Unterlagen (z.B. Er\u00f6ffnungsbeschluss, HR-Auszug) hochladen.&lt;br&gt; Erlaubte Dateiformate: .jpg \/ .jpeg \/ .jpe \/ .bmp \/ .png \/ .gif \/ .pdf \/ .zip. Zum Hochladen Datei hier ablegen oder auf den Button klicken.. Maximale Dateigr\u00f6\u00dfe: 20MB\">Zum Hochladen Datei hier ablegen oder auf den Button klicken.<\/button><\/span>\n\t\t<span class=\"frm_compact_text\"><button type=\"button\" aria-label=\"Beschluss \u00fcber die Anordnung des vorl\u00e4ufigen Verfahrens und ggf. sonstige Unterlagen (z.B. Er\u00f6ffnungsbeschluss, HR-Auszug) hochladen.&lt;br&gt; Erlaubte Dateiformate: .jpg \/ .jpeg \/ .jpe \/ .bmp \/ .png \/ .gif \/ .pdf \/ .zip. Datei w\u00e4hlen. Maximale Dateigr\u00f6\u00dfe: 20MB\">Datei w\u00e4hlen<\/button><\/span>\n\t\t<div class=\"frm_small_text\">\n\t\t\t<p>Maximale Dateigr\u00f6\u00dfe: 20MB<\/p>\n\t\t<\/div>\n\t<\/div>\n<\/div>\n\t\r\n    \r\n    \r\n<\/div>\n<div id=\"frm_field_90_container\" class=\"frm_form_field form-field  frm_top_container\">\r\n    <label for=\"field_5c9m33\" id=\"field_5c9m33_label\" class=\"frm_primary_label\">Falls Sie eine Kopie dieses Auftrags w\u00fcnschen, tragen Sie hier bitte Ihre E-Mail Adresse ein.\r\n        <span class=\"frm_required\" aria-hidden=\"true\"><\/span>\r\n    <\/label>\r\n    <input type=\"email\" id=\"field_5c9m33\" name=\"item_meta[90]\" value=\"\"  data-invmsg=\"E-Mail ist ung\u00fcltig\" aria-invalid=\"false\"  \/>\r\n    \r\n    \r\n<\/div>\n<div id=\"frm_field_91_container\" class=\"frm_form_field form-field  frm_none_container\">\r\n    <label for=\"g-recaptcha-response\" id=\"field_art5i3_label\" class=\"frm_primary_label\">Captcha\r\n        <span class=\"frm_required\" aria-hidden=\"true\"><\/span>\r\n    <\/label>\r\n    <div  id=\"field_art5i3\" class=\"frm-g-recaptcha\" data-sitekey=\"6LdvzP8fAAAAAMu00K2-1XWP1mPMDsj2BgLWfmyG\" data-size=\"normal\" data-theme=\"light\"><\/div>\r\n    \r\n    \r\n<\/div>\n<div id=\"frm_field_92_container\" class=\"frm_form_field form-field \">\r\n\t<div class=\"frm_submit\">\r\n\r\n<button class=\"frm_button_submit frm_final_submit\" type=\"submit\"   formnovalidate=\"formnovalidate\">Formular \u00fcbermitteln<\/button>\r\n\r\n<\/div>\r\n<\/div>\n\t<input type=\"hidden\" name=\"item_key\" value=\"\" \/>\n\t\t\t<div id=\"frm_field_95_container\">\n\t\t\t<label for=\"field_tbsgg\" >\n\t\t\t\tFalls Du menschlich bist, lasse dieses Feld leer.\t\t\t<\/label>\n\t\t\t<input  id=\"field_tbsgg\" type=\"text\" class=\"frm_form_field form-field frm_verify\" name=\"item_meta[95]\" value=\"\"  \/>\n\t\t<\/div>\n\t\t<input name=\"frm_state\" type=\"hidden\" value=\"owzITtS+kr8uS9LiyVzCSgoo0ZbL2MZdaQmMWxbJXkHQptwPxxptKNhShNGIRt5F\" \/><\/div>\n<\/fieldset>\n<\/div>\n\n<\/form>\n<\/div>\n","protected":false},"excerpt":{"rendered":"","protected":false},"author":1,"featured_media":0,"parent":0,"menu_order":0,"comment_status":"closed","ping_status":"closed","template":"","meta":{"footnotes":""},"class_list":["post-242","page","type-page","status-publish","hentry"],"_links":{"self":[{"href":"https:\/\/www.ash-inso.de\/index.php?rest_route=\/wp\/v2\/pages\/242","targetHints":{"allow":["GET"]}}],"collection":[{"href":"https:\/\/www.ash-inso.de\/index.php?rest_route=\/wp\/v2\/pages"}],"about":[{"href":"https:\/\/www.ash-inso.de\/index.php?rest_route=\/wp\/v2\/types\/page"}],"author":[{"embeddable":true,"href":"https:\/\/www.ash-inso.de\/index.php?rest_route=\/wp\/v2\/users\/1"}],"replies":[{"embeddable":true,"href":"https:\/\/www.ash-inso.de\/index.php?rest_route=%2Fwp%2Fv2%2Fcomments&post=242"}],"version-history":[{"count":1,"href":"https:\/\/www.ash-inso.de\/index.php?rest_route=\/wp\/v2\/pages\/242\/revisions"}],"predecessor-version":[{"id":243,"href":"https:\/\/www.ash-inso.de\/index.php?rest_route=\/wp\/v2\/pages\/242\/revisions\/243"}],"wp:attachment":[{"href":"https:\/\/www.ash-inso.de\/index.php?rest_route=%2Fwp%2Fv2%2Fmedia&parent=242"}],"curies":[{"name":"wp","href":"https:\/\/api.w.org\/{rel}","templated":true}]}}